{"id":4080,"date":"2023-09-11T11:22:11","date_gmt":"2023-09-11T14:22:11","guid":{"rendered":"https:\/\/mowaarq.com\/mowa\/o-mowa-arquitectura\/"},"modified":"2024-03-22T17:19:41","modified_gmt":"2024-03-22T20:19:41","slug":"o-mowa-arquitectura","status":"publish","type":"page","link":"https:\/\/mowaarq.com\/es\/mowa\/o-mowa-arquitectura\/","title":{"rendered":"Acerca de"},"content":{"rendered":"\t\t<div data-elementor-type=\"wp-page\" data-elementor-id=\"4080\" class=\"elementor elementor-4080 elementor-38\" data-elementor-post-type=\"page\">\n\t\t\t\t<div class=\"elementor-element elementor-element-ae71570 breadcrumb e-flex e-con-boxed e-con e-parent\" data-id=\"ae71570\" data-element_type=\"container\" data-e-type=\"container\">\n\t\t\t\t\t<div class=\"e-con-inner\">\n\t\t\t\t<div class=\"elementor-element elementor-element-edcc422 elementor-widget__width-inherit elementor-widget elementor-widget-breadcrumbs\" data-id=\"edcc422\" data-element_type=\"widget\" data-e-type=\"widget\" data-widget_type=\"breadcrumbs.default\">\n\t\t\t\t<div class=\"elementor-widget-container\">\n\t\t\t\t\t<div id=\"breadcrumbs\"><span><span><a href=\"https:\/\/mowaarq.com\/es\/\">In\u00edcio<\/a><\/span> | <span><a href=\"https:\/\/mowaarq.com\/es\/mowa\/\">Mowa<\/a><\/span><\/span><\/div>\t\t\t\t<\/div>\n\t\t\t\t<\/div>\n\t\t\t\t\t<\/div>\n\t\t\t\t<\/div>\n\t\t<div class=\"elementor-element elementor-element-feab1d1 e-flex e-con-boxed e-con e-parent\" data-id=\"feab1d1\" data-element_type=\"container\" data-e-type=\"container\">\n\t\t\t\t\t<div class=\"e-con-inner\">\n\t\t\t\t<div class=\"elementor-element elementor-element-8cd31db elementor-nav-menu__align-end elementor-nav-menu--dropdown-none submenu-interno elementor-widget elementor-widget-nav-menu\" data-id=\"8cd31db\" data-element_type=\"widget\" data-e-type=\"widget\" data-settings=\"{&quot;layout&quot;:&quot;horizontal&quot;,&quot;submenu_icon&quot;:{&quot;value&quot;:&quot;&lt;i class=\\&quot;fas fa-caret-down\\&quot; aria-hidden=\\&quot;true\\&quot;&gt;&lt;\\\/i&gt;&quot;,&quot;library&quot;:&quot;fa-solid&quot;}}\" data-widget_type=\"nav-menu.default\">\n\t\t\t\t<div class=\"elementor-widget-container\">\n\t\t\t\t\t\t\t\t<nav aria-label=\"Menu\" class=\"elementor-nav-menu--main elementor-nav-menu__container elementor-nav-menu--layout-horizontal e--pointer-none\">\r\n\t\t\t\t<ul id=\"menu-1-8cd31db\" class=\"elementor-nav-menu\"><li class=\"back-btn menu-item menu-item-type-post_type menu-item-object-page menu-item-4301\"><a href=\"https:\/\/mowaarq.com\/es\/mowa\/\" class=\"elementor-item\">Volver<\/a><\/li>\n<li class=\"menu-item menu-item-type-post_type menu-item-object-page menu-item-4207\"><a href=\"https:\/\/mowaarq.com\/es\/mowa\/o-mowa-arquitectura\/\" class=\"elementor-item\">Acerca de<\/a><\/li>\n<li class=\"menu-item menu-item-type-post_type menu-item-object-page menu-item-4208\"><a href=\"https:\/\/mowaarq.com\/es\/mowa\/anuarios\/\" class=\"elementor-item\">Anuarios<\/a><\/li>\n<li class=\"menu-item menu-item-type-post_type menu-item-object-page menu-item-4209\"><a href=\"https:\/\/mowaarq.com\/es\/mowa\/premios\/\" class=\"elementor-item\">Premios<\/a><\/li>\n<li class=\"menu-item menu-item-type-post_type menu-item-object-page menu-item-4210\"><a href=\"https:\/\/mowaarq.com\/es\/mowa\/espectaculos\/\" class=\"elementor-item\">Espect\u00e1culos<\/a><\/li>\n<li class=\"menu-item menu-item-type-post_type menu-item-object-page menu-item-4212\"><a href=\"https:\/\/mowaarq.com\/es\/mowa\/sectores\/\" class=\"elementor-item\">Sectores<\/a><\/li>\n<\/ul>\t\t\t<\/nav>\r\n\t\t\t\t\t\t<nav class=\"elementor-nav-menu--dropdown elementor-nav-menu__container\" aria-hidden=\"true\">\r\n\t\t\t\t<ul id=\"menu-2-8cd31db\" class=\"elementor-nav-menu\"><li class=\"back-btn menu-item menu-item-type-post_type menu-item-object-page menu-item-4301\"><a href=\"https:\/\/mowaarq.com\/es\/mowa\/\" class=\"elementor-item\" tabindex=\"-1\">Volver<\/a><\/li>\n<li class=\"menu-item menu-item-type-post_type menu-item-object-page menu-item-4207\"><a href=\"https:\/\/mowaarq.com\/es\/mowa\/o-mowa-arquitectura\/\" class=\"elementor-item\" tabindex=\"-1\">Acerca de<\/a><\/li>\n<li class=\"menu-item menu-item-type-post_type menu-item-object-page menu-item-4208\"><a href=\"https:\/\/mowaarq.com\/es\/mowa\/anuarios\/\" class=\"elementor-item\" tabindex=\"-1\">Anuarios<\/a><\/li>\n<li class=\"menu-item menu-item-type-post_type menu-item-object-page menu-item-4209\"><a href=\"https:\/\/mowaarq.com\/es\/mowa\/premios\/\" class=\"elementor-item\" tabindex=\"-1\">Premios<\/a><\/li>\n<li class=\"menu-item menu-item-type-post_type menu-item-object-page menu-item-4210\"><a href=\"https:\/\/mowaarq.com\/es\/mowa\/espectaculos\/\" class=\"elementor-item\" tabindex=\"-1\">Espect\u00e1culos<\/a><\/li>\n<li class=\"menu-item menu-item-type-post_type menu-item-object-page menu-item-4212\"><a href=\"https:\/\/mowaarq.com\/es\/mowa\/sectores\/\" class=\"elementor-item\" tabindex=\"-1\">Sectores<\/a><\/li>\n<\/ul>\t\t\t<\/nav>\r\n\t\t\t\t\t\t<\/div>\n\t\t\t\t<\/div>\n\t\t\t\t\t<\/div>\n\t\t\t\t<\/div>\n\t\t<div class=\"elementor-element elementor-element-417957e e-flex e-con-boxed e-con e-parent\" data-id=\"417957e\" data-element_type=\"container\" data-e-type=\"container\">\n\t\t\t\t\t<div class=\"e-con-inner\">\n\t\t<div class=\"elementor-element elementor-element-91f4e91 e-flex e-con-boxed e-con e-child\" data-id=\"91f4e91\" data-element_type=\"container\" data-e-type=\"container\">\n\t\t\t\t\t<div class=\"e-con-inner\">\n\t\t<div class=\"elementor-element elementor-element-2901a9f e-flex e-con-boxed e-con e-child\" data-id=\"2901a9f\" data-element_type=\"container\" data-e-type=\"container\">\n\t\t\t\t\t<div class=\"e-con-inner\">\n\t\t\t\t<div class=\"elementor-element elementor-element-ad340e2 elementor-widget elementor-widget-image\" data-id=\"ad340e2\" data-element_type=\"widget\" data-e-type=\"widget\" data-widget_type=\"image.default\">\n\t\t\t\t<div class=\"elementor-widget-container\">\n\t\t\t\t\t\t\t\t\t\t\t\t\t\t\t<img fetchpriority=\"high\" decoding=\"async\" width=\"771\" height=\"404\" src=\"https:\/\/mowaarq.com\/wp-content\/uploads\/2023\/11\/img-sobre.webp\" class=\"attachment-large size-large wp-image-3524\" alt=\"\" srcset=\"https:\/\/mowaarq.com\/wp-content\/uploads\/2023\/11\/img-sobre.webp 771w, https:\/\/mowaarq.com\/wp-content\/uploads\/2023\/11\/img-sobre-300x157.webp 300w, https:\/\/mowaarq.com\/wp-content\/uploads\/2023\/11\/img-sobre-768x402.webp 768w, https:\/\/mowaarq.com\/wp-content\/uploads\/2023\/11\/img-sobre-143x75.webp 143w, https:\/\/mowaarq.com\/wp-content\/uploads\/2023\/11\/img-sobre-480x252.webp 480w\" sizes=\"(max-width:767px) 480px, (max-width:771px) 100vw, 771px\" \/>\t\t\t\t\t\t\t\t\t\t\t\t\t\t\t<\/div>\n\t\t\t\t<\/div>\n\t\t\t\t\t<\/div>\n\t\t\t\t<\/div>\n\t\t<div class=\"elementor-element elementor-element-58c233b e-flex e-con-boxed e-con e-child\" data-id=\"58c233b\" data-element_type=\"container\" data-e-type=\"container\">\n\t\t\t\t\t<div class=\"e-con-inner\">\n\t\t\t\t<div class=\"elementor-element elementor-element-eccdda3 elementor-widget elementor-widget-text-editor\" data-id=\"eccdda3\" data-element_type=\"widget\" data-e-type=\"widget\" data-widget_type=\"text-editor.default\">\n\t\t\t\t<div class=\"elementor-widget-container\">\n\t\t\t\t\t\t\t\t\tLa historia de Mowa Arquitectura permea la trayectoria de su fundador, el arquitecto uruguayo Marcos Benedetti, quien inici\u00f3 su andadura profesional en 2008, en Santa Mar\u00eda, RS. El nombre Mowa tiene origen hawaiano, ya que es la uni\u00f3n de Moana, que significa oc\u00e9ano, y Wai, que significa agua, mientras que Arquitectura refleja el idioma espa\u00f1ol del fundador. La marca tiene el sonido de la arquitectura y la fuerza del agua, resumiendo la historia y la esencia del equipo: fluidez creativa para resultados s\u00f3lidos.\n\nMowa tiene oficinas en Santa Mar\u00eda, Passo Fundo y Porto Alegre, adem\u00e1s de proyectos en otros estados de Brasil, como Santa Catarina y S\u00e3o Paulo, adem\u00e1s de proyectos internacionales en Corea del Sur y Uruguay.\n\nEl importante crecimiento de Mowa Arquitectura y la creaci\u00f3n de Mowa Construtora dan como resultado un servicio que se ofrece de forma \u00edntegra, desde el asesoramiento en la elecci\u00f3n del terreno o inmueble hasta la entrega final de la obra.\t\t\t\t\t\t\t\t<\/div>\n\t\t\t\t<\/div>\n\t\t\t\t\t<\/div>\n\t\t\t\t<\/div>\n\t\t\t\t\t<\/div>\n\t\t\t\t<\/div>\n\t\t\t\t\t<\/div>\n\t\t\t\t<\/div>\n\t\t\t\t<\/div>\n\t\t","protected":false},"excerpt":{"rendered":"<p>La historia de Mowa Arquitectura permea la trayectoria de su fundador, el arquitecto uruguayo Marcos Benedetti, quien inici\u00f3 su andadura profesional en 2008, en Santa Mar\u00eda,<span class=\"excerpt-hellip\"> [\u2026]<\/span><\/p>\n","protected":false},"author":1,"featured_media":0,"parent":3907,"menu_order":0,"comment_status":"closed","ping_status":"closed","template":"elementor_header_footer","meta":{"_acf_changed":false,"footnotes":""},"class_list":["post-4080","page","type-page","status-publish","hentry"],"acf":[],"yoast_head":"<!-- This site is optimized with the Yoast SEO Premium plugin v22.0 (Yoast SEO v26.9) - https:\/\/yoast.com\/product\/yoast-seo-premium-wordpress\/ -->\n<title>Acerca de - Mowa Arquitectura<\/title>\n<meta name=\"robots\" content=\"index, follow, max-snippet:-1, max-image-preview:large, max-video-preview:-1\" \/>\n<link rel=\"canonical\" href=\"https:\/\/mowaarq.com\/es\/mowa\/o-mowa-arquitectura\/\" \/>\n<meta property=\"og:locale\" content=\"es_ES\" \/>\n<meta property=\"og:type\" content=\"article\" \/>\n<meta property=\"og:title\" content=\"Acerca de\" \/>\n<meta property=\"og:description\" content=\"La historia de Mowa Arquitectura permea la trayectoria de su fundador, el arquitecto uruguayo Marcos Benedetti, quien inici\u00f3 su andadura profesional en 2008, en Santa Mar\u00eda, [\u2026]\" \/>\n<meta property=\"og:url\" content=\"https:\/\/mowaarq.com\/es\/mowa\/o-mowa-arquitectura\/\" \/>\n<meta property=\"og:site_name\" content=\"Mowa Arquitectura\" \/>\n<meta property=\"article:publisher\" content=\"https:\/\/pt-br.facebook.com\/MowaArq\/\" \/>\n<meta property=\"article:modified_time\" content=\"2024-03-22T20:19:41+00:00\" \/>\n<meta property=\"og:image\" content=\"https:\/\/mowaarq.com\/wp-content\/uploads\/2023\/11\/img-sobre.webp\" \/>\n<meta name=\"twitter:card\" content=\"summary_large_image\" \/>\n<meta name=\"twitter:label1\" content=\"Tiempo de lectura\" \/>\n\t<meta name=\"twitter:data1\" content=\"1 minuto\" \/>\n<script type=\"application\/ld+json\" class=\"yoast-schema-graph\">{\"@context\":\"https:\/\/schema.org\",\"@graph\":[{\"@type\":\"WebPage\",\"@id\":\"https:\/\/mowaarq.com\/es\/mowa\/o-mowa-arquitectura\/\",\"url\":\"https:\/\/mowaarq.com\/es\/mowa\/o-mowa-arquitectura\/\",\"name\":\"Acerca de - Mowa Arquitectura\",\"isPartOf\":{\"@id\":\"https:\/\/mowaarq.com\/es\/#website\"},\"primaryImageOfPage\":{\"@id\":\"https:\/\/mowaarq.com\/es\/mowa\/o-mowa-arquitectura\/#primaryimage\"},\"image\":{\"@id\":\"https:\/\/mowaarq.com\/es\/mowa\/o-mowa-arquitectura\/#primaryimage\"},\"thumbnailUrl\":\"https:\/\/mowaarq.com\/wp-content\/uploads\/2023\/11\/img-sobre.webp\",\"datePublished\":\"2023-09-11T14:22:11+00:00\",\"dateModified\":\"2024-03-22T20:19:41+00:00\",\"breadcrumb\":{\"@id\":\"https:\/\/mowaarq.com\/es\/mowa\/o-mowa-arquitectura\/#breadcrumb\"},\"inLanguage\":\"es\",\"potentialAction\":[{\"@type\":\"ReadAction\",\"target\":[\"https:\/\/mowaarq.com\/es\/mowa\/o-mowa-arquitectura\/\"]}]},{\"@type\":\"ImageObject\",\"inLanguage\":\"es\",\"@id\":\"https:\/\/mowaarq.com\/es\/mowa\/o-mowa-arquitectura\/#primaryimage\",\"url\":\"https:\/\/mowaarq.com\/wp-content\/uploads\/2023\/11\/img-sobre.webp\",\"contentUrl\":\"https:\/\/mowaarq.com\/wp-content\/uploads\/2023\/11\/img-sobre.webp\"},{\"@type\":\"BreadcrumbList\",\"@id\":\"https:\/\/mowaarq.com\/es\/mowa\/o-mowa-arquitectura\/#breadcrumb\",\"itemListElement\":[{\"@type\":\"ListItem\",\"position\":1,\"name\":\"In\u00edcio\",\"item\":\"https:\/\/mowaarq.com\/es\/\"},{\"@type\":\"ListItem\",\"position\":2,\"name\":\"Mowa\",\"item\":\"https:\/\/mowaarq.com\/es\/mowa\/\"},{\"@type\":\"ListItem\",\"position\":3,\"name\":\"Acerca de\"}]},{\"@type\":\"WebSite\",\"@id\":\"https:\/\/mowaarq.com\/es\/#website\",\"url\":\"https:\/\/mowaarq.com\/es\/\",\"name\":\"Mowa Arquitectura\",\"description\":\"Fluidez Criativa Para Resultados S\u00f3lidos\",\"publisher\":{\"@id\":\"https:\/\/mowaarq.com\/es\/#organization\"},\"potentialAction\":[{\"@type\":\"SearchAction\",\"target\":{\"@type\":\"EntryPoint\",\"urlTemplate\":\"https:\/\/mowaarq.com\/es\/?s={search_term_string}\"},\"query-input\":{\"@type\":\"PropertyValueSpecification\",\"valueRequired\":true,\"valueName\":\"search_term_string\"}}],\"inLanguage\":\"es\"},{\"@type\":\"Organization\",\"@id\":\"https:\/\/mowaarq.com\/es\/#organization\",\"name\":\"Mowa Arquitectura\",\"url\":\"https:\/\/mowaarq.com\/es\/\",\"logo\":{\"@type\":\"ImageObject\",\"inLanguage\":\"es\",\"@id\":\"https:\/\/mowaarq.com\/es\/#\/schema\/logo\/image\/\",\"url\":\"https:\/\/mowaarq.com\/wp-content\/uploads\/2023\/11\/logo-mowa-SEO.png\",\"contentUrl\":\"https:\/\/mowaarq.com\/wp-content\/uploads\/2023\/11\/logo-mowa-SEO.png\",\"width\":400,\"height\":400,\"caption\":\"Mowa Arquitectura\"},\"image\":{\"@id\":\"https:\/\/mowaarq.com\/es\/#\/schema\/logo\/image\/\"},\"sameAs\":[\"https:\/\/pt-br.facebook.com\/MowaArq\/\",\"https:\/\/www.instagram.com\/mowaarq\/\",\"https:\/\/www.youtube.com\/channel\/UCAhakD0TpcNQ3wWs4ophaag\"]}]}<\/script>\n<!-- \/ Yoast SEO Premium plugin. -->","yoast_head_json":{"title":"Acerca de - Mowa Arquitectura","robots":{"index":"index","follow":"follow","max-snippet":"max-snippet:-1","max-image-preview":"max-image-preview:large","max-video-preview":"max-video-preview:-1"},"canonical":"https:\/\/mowaarq.com\/es\/mowa\/o-mowa-arquitectura\/","og_locale":"es_ES","og_type":"article","og_title":"Acerca de","og_description":"La historia de Mowa Arquitectura permea la trayectoria de su fundador, el arquitecto uruguayo Marcos Benedetti, quien inici\u00f3 su andadura profesional en 2008, en Santa Mar\u00eda, [\u2026]","og_url":"https:\/\/mowaarq.com\/es\/mowa\/o-mowa-arquitectura\/","og_site_name":"Mowa Arquitectura","article_publisher":"https:\/\/pt-br.facebook.com\/MowaArq\/","article_modified_time":"2024-03-22T20:19:41+00:00","og_image":[{"url":"https:\/\/mowaarq.com\/wp-content\/uploads\/2023\/11\/img-sobre.webp","type":"","width":"","height":""}],"twitter_card":"summary_large_image","twitter_misc":{"Tiempo de lectura":"1 minuto"},"schema":{"@context":"https:\/\/schema.org","@graph":[{"@type":"WebPage","@id":"https:\/\/mowaarq.com\/es\/mowa\/o-mowa-arquitectura\/","url":"https:\/\/mowaarq.com\/es\/mowa\/o-mowa-arquitectura\/","name":"Acerca de - Mowa Arquitectura","isPartOf":{"@id":"https:\/\/mowaarq.com\/es\/#website"},"primaryImageOfPage":{"@id":"https:\/\/mowaarq.com\/es\/mowa\/o-mowa-arquitectura\/#primaryimage"},"image":{"@id":"https:\/\/mowaarq.com\/es\/mowa\/o-mowa-arquitectura\/#primaryimage"},"thumbnailUrl":"https:\/\/mowaarq.com\/wp-content\/uploads\/2023\/11\/img-sobre.webp","datePublished":"2023-09-11T14:22:11+00:00","dateModified":"2024-03-22T20:19:41+00:00","breadcrumb":{"@id":"https:\/\/mowaarq.com\/es\/mowa\/o-mowa-arquitectura\/#breadcrumb"},"inLanguage":"es","potentialAction":[{"@type":"ReadAction","target":["https:\/\/mowaarq.com\/es\/mowa\/o-mowa-arquitectura\/"]}]},{"@type":"ImageObject","inLanguage":"es","@id":"https:\/\/mowaarq.com\/es\/mowa\/o-mowa-arquitectura\/#primaryimage","url":"https:\/\/mowaarq.com\/wp-content\/uploads\/2023\/11\/img-sobre.webp","contentUrl":"https:\/\/mowaarq.com\/wp-content\/uploads\/2023\/11\/img-sobre.webp"},{"@type":"BreadcrumbList","@id":"https:\/\/mowaarq.com\/es\/mowa\/o-mowa-arquitectura\/#breadcrumb","itemListElement":[{"@type":"ListItem","position":1,"name":"In\u00edcio","item":"https:\/\/mowaarq.com\/es\/"},{"@type":"ListItem","position":2,"name":"Mowa","item":"https:\/\/mowaarq.com\/es\/mowa\/"},{"@type":"ListItem","position":3,"name":"Acerca de"}]},{"@type":"WebSite","@id":"https:\/\/mowaarq.com\/es\/#website","url":"https:\/\/mowaarq.com\/es\/","name":"Mowa Arquitectura","description":"Fluidez Criativa Para Resultados S\u00f3lidos","publisher":{"@id":"https:\/\/mowaarq.com\/es\/#organization"},"potentialAction":[{"@type":"SearchAction","target":{"@type":"EntryPoint","urlTemplate":"https:\/\/mowaarq.com\/es\/?s={search_term_string}"},"query-input":{"@type":"PropertyValueSpecification","valueRequired":true,"valueName":"search_term_string"}}],"inLanguage":"es"},{"@type":"Organization","@id":"https:\/\/mowaarq.com\/es\/#organization","name":"Mowa Arquitectura","url":"https:\/\/mowaarq.com\/es\/","logo":{"@type":"ImageObject","inLanguage":"es","@id":"https:\/\/mowaarq.com\/es\/#\/schema\/logo\/image\/","url":"https:\/\/mowaarq.com\/wp-content\/uploads\/2023\/11\/logo-mowa-SEO.png","contentUrl":"https:\/\/mowaarq.com\/wp-content\/uploads\/2023\/11\/logo-mowa-SEO.png","width":400,"height":400,"caption":"Mowa Arquitectura"},"image":{"@id":"https:\/\/mowaarq.com\/es\/#\/schema\/logo\/image\/"},"sameAs":["https:\/\/pt-br.facebook.com\/MowaArq\/","https:\/\/www.instagram.com\/mowaarq\/","https:\/\/www.youtube.com\/channel\/UCAhakD0TpcNQ3wWs4ophaag"]}]}},"_links":{"self":[{"href":"https:\/\/mowaarq.com\/es\/wp-json\/wp\/v2\/pages\/4080","targetHints":{"allow":["GET"]}}],"collection":[{"href":"https:\/\/mowaarq.com\/es\/wp-json\/wp\/v2\/pages"}],"about":[{"href":"https:\/\/mowaarq.com\/es\/wp-json\/wp\/v2\/types\/page"}],"author":[{"embeddable":true,"href":"https:\/\/mowaarq.com\/es\/wp-json\/wp\/v2\/users\/1"}],"replies":[{"embeddable":true,"href":"https:\/\/mowaarq.com\/es\/wp-json\/wp\/v2\/comments?post=4080"}],"version-history":[{"count":1,"href":"https:\/\/mowaarq.com\/es\/wp-json\/wp\/v2\/pages\/4080\/revisions"}],"predecessor-version":[{"id":4081,"href":"https:\/\/mowaarq.com\/es\/wp-json\/wp\/v2\/pages\/4080\/revisions\/4081"}],"up":[{"embeddable":true,"href":"https:\/\/mowaarq.com\/es\/wp-json\/wp\/v2\/pages\/3907"}],"wp:attachment":[{"href":"https:\/\/mowaarq.com\/es\/wp-json\/wp\/v2\/media?parent=4080"}],"curies":[{"name":"wp","href":"https:\/\/api.w.org\/{rel}","templated":true}]}}