{"id":4072,"date":"2023-09-12T11:06:19","date_gmt":"2023-09-12T14:06:19","guid":{"rendered":"https:\/\/mowaarq.com\/mowa\/espectaculos\/casacor-rs-2023\/"},"modified":"2024-03-22T17:15:34","modified_gmt":"2024-03-22T20:15:34","slug":"casacor-rs-2023","status":"publish","type":"page","link":"https:\/\/mowaarq.com\/es\/mowa\/espectaculos\/casacor-rs-2023\/","title":{"rendered":"Casacor RS 2023"},"content":{"rendered":"\t\t<div data-elementor-type=\"wp-page\" data-elementor-id=\"4072\" class=\"elementor elementor-4072 elementor-538\" data-elementor-post-type=\"page\">\n\t\t\t\t<div class=\"elementor-element elementor-element-ae71570 breadcrumb e-flex e-con-boxed e-con e-parent\" data-id=\"ae71570\" data-element_type=\"container\" data-e-type=\"container\">\n\t\t\t\t\t<div class=\"e-con-inner\">\n\t\t\t\t<div class=\"elementor-element elementor-element-edcc422 elementor-widget__width-inherit elementor-widget elementor-widget-breadcrumbs\" data-id=\"edcc422\" data-element_type=\"widget\" data-e-type=\"widget\" data-widget_type=\"breadcrumbs.default\">\n\t\t\t\t<div class=\"elementor-widget-container\">\n\t\t\t\t\t<div id=\"breadcrumbs\"><span><span><a href=\"https:\/\/mowaarq.com\/es\/\">In\u00edcio<\/a><\/span> | <span><a href=\"https:\/\/mowaarq.com\/es\/mowa\/\">Mowa<\/a><\/span> | <span><a href=\"https:\/\/mowaarq.com\/es\/mowa\/espectaculos\/\">Espect\u00e1culos<\/a><\/span><\/span><\/div>\t\t\t\t<\/div>\n\t\t\t\t<\/div>\n\t\t\t\t\t<\/div>\n\t\t\t\t<\/div>\n\t\t<div class=\"elementor-element elementor-element-feab1d1 e-flex e-con-boxed e-con e-parent\" data-id=\"feab1d1\" data-element_type=\"container\" data-e-type=\"container\">\n\t\t\t\t\t<div class=\"e-con-inner\">\n\t\t\t\t<div class=\"elementor-element elementor-element-8cd31db elementor-nav-menu__align-end elementor-nav-menu--dropdown-none submenu-interno elementor-widget elementor-widget-nav-menu\" data-id=\"8cd31db\" data-element_type=\"widget\" data-e-type=\"widget\" data-settings=\"{&quot;layout&quot;:&quot;horizontal&quot;,&quot;submenu_icon&quot;:{&quot;value&quot;:&quot;&lt;i class=\\&quot;fas fa-caret-down\\&quot; aria-hidden=\\&quot;true\\&quot;&gt;&lt;\\\/i&gt;&quot;,&quot;library&quot;:&quot;fa-solid&quot;}}\" data-widget_type=\"nav-menu.default\">\n\t\t\t\t<div class=\"elementor-widget-container\">\n\t\t\t\t\t\t\t\t<nav aria-label=\"Menu\" class=\"elementor-nav-menu--main elementor-nav-menu__container elementor-nav-menu--layout-horizontal e--pointer-none\">\r\n\t\t\t\t<ul id=\"menu-1-8cd31db\" class=\"elementor-nav-menu\"><li class=\"back-btn menu-item menu-item-type-post_type menu-item-object-page menu-item-4250\"><a href=\"https:\/\/mowaarq.com\/es\/mowa\/\" class=\"elementor-item\">Volver<\/a><\/li>\n<li class=\"menu-item menu-item-type-post_type menu-item-object-page menu-item-4251\"><a href=\"https:\/\/mowaarq.com\/es\/mowa\/espectaculos\/casacor-rs-2023\/\" class=\"elementor-item\">Casacor RS 2023<\/a><\/li>\n<li class=\"menu-item menu-item-type-post_type menu-item-object-page menu-item-4252\"><a href=\"https:\/\/mowaarq.com\/es\/mowa\/espectaculos\/casacor-rs-2021\/\" class=\"elementor-item\">Casacor RS 2021<\/a><\/li>\n<li class=\"menu-item menu-item-type-post_type menu-item-object-page menu-item-4253\"><a href=\"https:\/\/mowaarq.com\/es\/mowa\/espectaculos\/construmobil-2019\/\" class=\"elementor-item\">Construm\u00f3bil 2019<\/a><\/li>\n<li class=\"menu-item menu-item-type-post_type menu-item-object-page menu-item-4254\"><a href=\"https:\/\/mowaarq.com\/es\/mowa\/espectaculos\/casacia-2013\/\" class=\"elementor-item\">Casa&amp;Cia 2013<\/a><\/li>\n<\/ul>\t\t\t<\/nav>\r\n\t\t\t\t\t\t<nav class=\"elementor-nav-menu--dropdown elementor-nav-menu__container\" aria-hidden=\"true\">\r\n\t\t\t\t<ul id=\"menu-2-8cd31db\" class=\"elementor-nav-menu\"><li class=\"back-btn menu-item menu-item-type-post_type menu-item-object-page menu-item-4250\"><a href=\"https:\/\/mowaarq.com\/es\/mowa\/\" class=\"elementor-item\" tabindex=\"-1\">Volver<\/a><\/li>\n<li class=\"menu-item menu-item-type-post_type menu-item-object-page menu-item-4251\"><a href=\"https:\/\/mowaarq.com\/es\/mowa\/espectaculos\/casacor-rs-2023\/\" class=\"elementor-item\" tabindex=\"-1\">Casacor RS 2023<\/a><\/li>\n<li class=\"menu-item menu-item-type-post_type menu-item-object-page menu-item-4252\"><a href=\"https:\/\/mowaarq.com\/es\/mowa\/espectaculos\/casacor-rs-2021\/\" class=\"elementor-item\" tabindex=\"-1\">Casacor RS 2021<\/a><\/li>\n<li class=\"menu-item menu-item-type-post_type menu-item-object-page menu-item-4253\"><a href=\"https:\/\/mowaarq.com\/es\/mowa\/espectaculos\/construmobil-2019\/\" class=\"elementor-item\" tabindex=\"-1\">Construm\u00f3bil 2019<\/a><\/li>\n<li class=\"menu-item menu-item-type-post_type menu-item-object-page menu-item-4254\"><a href=\"https:\/\/mowaarq.com\/es\/mowa\/espectaculos\/casacia-2013\/\" class=\"elementor-item\" tabindex=\"-1\">Casa&amp;Cia 2013<\/a><\/li>\n<\/ul>\t\t\t<\/nav>\r\n\t\t\t\t\t\t<\/div>\n\t\t\t\t<\/div>\n\t\t\t\t\t<\/div>\n\t\t\t\t<\/div>\n\t\t<div class=\"elementor-element elementor-element-61008d3 e-flex e-con-boxed e-con e-parent\" data-id=\"61008d3\" data-element_type=\"container\" data-e-type=\"container\">\n\t\t\t\t\t<div class=\"e-con-inner\">\n\t\t<div class=\"elementor-element elementor-element-af978e6 e-con-full e-flex e-con e-child\" data-id=\"af978e6\" data-element_type=\"container\" data-e-type=\"container\">\n\t\t\t\t<div class=\"elementor-element elementor-element-55fb5d3 elementor-position-top elementor-widget elementor-widget-image-box\" data-id=\"55fb5d3\" data-element_type=\"widget\" data-e-type=\"widget\" data-widget_type=\"image-box.default\">\n\t\t\t\t<div class=\"elementor-widget-container\">\n\t\t\t\t\t<div class=\"elementor-image-box-wrapper\"><figure class=\"elementor-image-box-img\"><img fetchpriority=\"high\" decoding=\"async\" width=\"800\" height=\"401\" src=\"https:\/\/mowaarq.com\/wp-content\/uploads\/2023\/09\/casacor-rs-logo.png\" class=\"attachment-full size-full wp-image-493\" alt=\"\" srcset=\"https:\/\/mowaarq.com\/wp-content\/uploads\/2023\/09\/casacor-rs-logo.png 800w, https:\/\/mowaarq.com\/wp-content\/uploads\/2023\/09\/casacor-rs-logo-300x150.png 300w, https:\/\/mowaarq.com\/wp-content\/uploads\/2023\/09\/casacor-rs-logo-768x385.png 768w, https:\/\/mowaarq.com\/wp-content\/uploads\/2023\/09\/casacor-rs-logo-150x75.png 150w, https:\/\/mowaarq.com\/wp-content\/uploads\/2023\/09\/casacor-rs-logo-480x241.png 480w\" sizes=\"(max-width:767px) 480px, (max-width:800px) 100vw, 800px\" \/><\/figure><div class=\"elementor-image-box-content\"><h3 class=\"elementor-image-box-title\">VARANDA LAS PIEDRAS<\/h3><p class=\"elementor-image-box-description\">Varanda Las Piedras es un oasis fluido y encantador donde la influencia uruguaya se funde con nosotros en un baile afable. Las paredes continuas reflejan recuerdos de nosotros, mientras la parrilla uruguaya, la cava de vinos y la mesa del comedor de madera nos conectan con la esencia gastron\u00f3mica que nos nutre. Una experiencia sinf\u00f3nica, donde cada paso es guiado por el n\u00facleo de los deseos y el alma se cubre de movimientos en consonancia con las sensaciones que de \u00e9l se reflejan. <\/p><\/div><\/div>\t\t\t\t<\/div>\n\t\t\t\t<\/div>\n\t\t\t\t<\/div>\n\t\t<div class=\"elementor-element elementor-element-0246b1f e-con-full e-flex e-con e-child\" data-id=\"0246b1f\" data-element_type=\"container\" data-e-type=\"container\">\n\t\t\t\t<div class=\"elementor-element elementor-element-495be74 elementor-skin-carousel elementor-arrows-yes elementor-widget elementor-widget-media-carousel\" data-id=\"495be74\" data-element_type=\"widget\" data-e-type=\"widget\" data-settings=\"{&quot;slides_per_view&quot;:&quot;1&quot;,&quot;slides_to_scroll&quot;:&quot;1&quot;,&quot;slides_per_view_tablet&quot;:&quot;1&quot;,&quot;slides_to_scroll_tablet&quot;:&quot;1&quot;,&quot;skin&quot;:&quot;carousel&quot;,&quot;effect&quot;:&quot;slide&quot;,&quot;show_arrows&quot;:&quot;yes&quot;,&quot;speed&quot;:500,&quot;autoplay&quot;:&quot;yes&quot;,&quot;autoplay_speed&quot;:5000,&quot;loop&quot;:&quot;yes&quot;,&quot;pause_on_hover&quot;:&quot;yes&quot;,&quot;pause_on_interaction&quot;:&quot;yes&quot;,&quot;space_between&quot;:{&quot;unit&quot;:&quot;px&quot;,&quot;size&quot;:10,&quot;sizes&quot;:[]},&quot;space_between_tablet&quot;:{&quot;unit&quot;:&quot;px&quot;,&quot;size&quot;:10,&quot;sizes&quot;:[]},&quot;space_between_mobile&quot;:{&quot;unit&quot;:&quot;px&quot;,&quot;size&quot;:10,&quot;sizes&quot;:[]}}\" data-widget_type=\"media-carousel.default\">\n\t\t\t\t<div class=\"elementor-widget-container\">\n\t\t\t\t\t\t\t\t\t<div class=\"elementor-swiper\">\r\n\t\t\t\t\t<div class=\"elementor-main-swiper swiper\" role=\"region\" aria-roledescription=\"carousel\" aria-label=\"Slides\">\r\n\t\t\t\t<div class=\"swiper-wrapper\">\r\n\t\t\t\t\t\t\t\t\t\t\t<div class=\"swiper-slide\" role=\"group\" aria-roledescription=\"slide\">\r\n\t\t\t\t\t\t\t<a href=\"https:\/\/mowaarq.com\/wp-content\/uploads\/2023\/09\/Copia-de-MOWA-168-Aprimorado-NR.jpg\" data-elementor-open-lightbox=\"yes\" data-elementor-lightbox-slideshow=\"495be74\" data-elementor-lightbox-title=\"C\u00f3pia de MOWA-168-Aprimorado-NR\" data-e-action-hash=\"#elementor-action%3Aaction%3Dlightbox%26settings%3DeyJpZCI6NDg1LCJ1cmwiOiJodHRwczpcL1wvbW93YWFycS5jb21cL3dwLWNvbnRlbnRcL3VwbG9hZHNcLzIwMjNcLzA5XC9Db3BpYS1kZS1NT1dBLTE2OC1BcHJpbW9yYWRvLU5SLmpwZyIsInNsaWRlc2hvdyI6IjQ5NWJlNzQifQ%3D%3D\">\t\t<div class=\"elementor-carousel-image\" role=\"img\" aria-label=\"C\u00f3pia de MOWA-168-Aprimorado-NR\" style=\"background-image: url(&#039;https:\/\/mowaarq.com\/wp-content\/uploads\/2023\/09\/Copia-de-MOWA-168-Aprimorado-NR.jpg&#039;)\">\r\n\r\n\t\t\t\r\n\t\t\t\t\t<\/div>\r\n\t\t<\/a>\t\t\t\t\t\t<\/div>\r\n\t\t\t\t\t\t\t\t\t\t\t<div class=\"swiper-slide\" role=\"group\" aria-roledescription=\"slide\">\r\n\t\t\t\t\t\t\t<a href=\"https:\/\/mowaarq.com\/wp-content\/uploads\/2023\/09\/Copia-de-MOWA-151-Aprimorado-NR.jpg\" data-elementor-open-lightbox=\"yes\" data-elementor-lightbox-slideshow=\"495be74\" data-elementor-lightbox-title=\"C\u00f3pia de MOWA-151-Aprimorado-NR\" data-e-action-hash=\"#elementor-action%3Aaction%3Dlightbox%26settings%3DeyJpZCI6NDg0LCJ1cmwiOiJodHRwczpcL1wvbW93YWFycS5jb21cL3dwLWNvbnRlbnRcL3VwbG9hZHNcLzIwMjNcLzA5XC9Db3BpYS1kZS1NT1dBLTE1MS1BcHJpbW9yYWRvLU5SLmpwZyIsInNsaWRlc2hvdyI6IjQ5NWJlNzQifQ%3D%3D\">\t\t<div class=\"elementor-carousel-image\" role=\"img\" aria-label=\"C\u00f3pia de MOWA-151-Aprimorado-NR\" style=\"background-image: url(&#039;https:\/\/mowaarq.com\/wp-content\/uploads\/2023\/09\/Copia-de-MOWA-151-Aprimorado-NR.jpg&#039;)\">\r\n\r\n\t\t\t\r\n\t\t\t\t\t<\/div>\r\n\t\t<\/a>\t\t\t\t\t\t<\/div>\r\n\t\t\t\t\t\t\t\t\t\t\t<div class=\"swiper-slide\" role=\"group\" aria-roledescription=\"slide\">\r\n\t\t\t\t\t\t\t<a href=\"https:\/\/mowaarq.com\/wp-content\/uploads\/2023\/09\/Copia-de-MOWA-115-Aprimorado-NR.jpg\" data-elementor-open-lightbox=\"yes\" data-elementor-lightbox-slideshow=\"495be74\" data-elementor-lightbox-title=\"C\u00f3pia de MOWA-115-Aprimorado-NR\" data-e-action-hash=\"#elementor-action%3Aaction%3Dlightbox%26settings%3DeyJpZCI6NDgzLCJ1cmwiOiJodHRwczpcL1wvbW93YWFycS5jb21cL3dwLWNvbnRlbnRcL3VwbG9hZHNcLzIwMjNcLzA5XC9Db3BpYS1kZS1NT1dBLTExNS1BcHJpbW9yYWRvLU5SLmpwZyIsInNsaWRlc2hvdyI6IjQ5NWJlNzQifQ%3D%3D\">\t\t<div class=\"elementor-carousel-image\" role=\"img\" aria-label=\"C\u00f3pia de MOWA-115-Aprimorado-NR\" style=\"background-image: url(&#039;https:\/\/mowaarq.com\/wp-content\/uploads\/2023\/09\/Copia-de-MOWA-115-Aprimorado-NR.jpg&#039;)\">\r\n\r\n\t\t\t\r\n\t\t\t\t\t<\/div>\r\n\t\t<\/a>\t\t\t\t\t\t<\/div>\r\n\t\t\t\t\t\t\t\t\t\t\t<div class=\"swiper-slide\" role=\"group\" aria-roledescription=\"slide\">\r\n\t\t\t\t\t\t\t<a href=\"https:\/\/mowaarq.com\/wp-content\/uploads\/2023\/09\/Copia-de-MOWA-103-Aprimorado-NR.jpg\" data-elementor-open-lightbox=\"yes\" data-elementor-lightbox-slideshow=\"495be74\" data-elementor-lightbox-title=\"C\u00f3pia de MOWA-103-Aprimorado-NR\" data-e-action-hash=\"#elementor-action%3Aaction%3Dlightbox%26settings%3DeyJpZCI6NDgyLCJ1cmwiOiJodHRwczpcL1wvbW93YWFycS5jb21cL3dwLWNvbnRlbnRcL3VwbG9hZHNcLzIwMjNcLzA5XC9Db3BpYS1kZS1NT1dBLTEwMy1BcHJpbW9yYWRvLU5SLmpwZyIsInNsaWRlc2hvdyI6IjQ5NWJlNzQifQ%3D%3D\">\t\t<div class=\"elementor-carousel-image\" role=\"img\" aria-label=\"C\u00f3pia de MOWA-103-Aprimorado-NR\" style=\"background-image: url(&#039;https:\/\/mowaarq.com\/wp-content\/uploads\/2023\/09\/Copia-de-MOWA-103-Aprimorado-NR.jpg&#039;)\">\r\n\r\n\t\t\t\r\n\t\t\t\t\t<\/div>\r\n\t\t<\/a>\t\t\t\t\t\t<\/div>\r\n\t\t\t\t\t\t\t\t\t\t\t<div class=\"swiper-slide\" role=\"group\" aria-roledescription=\"slide\">\r\n\t\t\t\t\t\t\t<a href=\"https:\/\/mowaarq.com\/wp-content\/uploads\/2023\/09\/Copia-de-MOWA-095-Aprimorado-NR.jpg\" data-elementor-open-lightbox=\"yes\" data-elementor-lightbox-slideshow=\"495be74\" data-elementor-lightbox-title=\"C\u00f3pia de MOWA-095-Aprimorado-NR\" data-e-action-hash=\"#elementor-action%3Aaction%3Dlightbox%26settings%3DeyJpZCI6NDgxLCJ1cmwiOiJodHRwczpcL1wvbW93YWFycS5jb21cL3dwLWNvbnRlbnRcL3VwbG9hZHNcLzIwMjNcLzA5XC9Db3BpYS1kZS1NT1dBLTA5NS1BcHJpbW9yYWRvLU5SLmpwZyIsInNsaWRlc2hvdyI6IjQ5NWJlNzQifQ%3D%3D\">\t\t<div class=\"elementor-carousel-image\" role=\"img\" aria-label=\"C\u00f3pia de MOWA-095-Aprimorado-NR\" style=\"background-image: url(&#039;https:\/\/mowaarq.com\/wp-content\/uploads\/2023\/09\/Copia-de-MOWA-095-Aprimorado-NR.jpg&#039;)\">\r\n\r\n\t\t\t\r\n\t\t\t\t\t<\/div>\r\n\t\t<\/a>\t\t\t\t\t\t<\/div>\r\n\t\t\t\t\t\t\t\t\t\t\t<div class=\"swiper-slide\" role=\"group\" aria-roledescription=\"slide\">\r\n\t\t\t\t\t\t\t<a href=\"https:\/\/mowaarq.com\/wp-content\/uploads\/2023\/09\/Copia-de-MOWA-080-Aprimorado-NR.jpg\" data-elementor-open-lightbox=\"yes\" data-elementor-lightbox-slideshow=\"495be74\" data-elementor-lightbox-title=\"C\u00f3pia de MOWA-080-Aprimorado-NR\" data-e-action-hash=\"#elementor-action%3Aaction%3Dlightbox%26settings%3DeyJpZCI6NDgwLCJ1cmwiOiJodHRwczpcL1wvbW93YWFycS5jb21cL3dwLWNvbnRlbnRcL3VwbG9hZHNcLzIwMjNcLzA5XC9Db3BpYS1kZS1NT1dBLTA4MC1BcHJpbW9yYWRvLU5SLmpwZyIsInNsaWRlc2hvdyI6IjQ5NWJlNzQifQ%3D%3D\">\t\t<div class=\"elementor-carousel-image\" role=\"img\" aria-label=\"C\u00f3pia de MOWA-080-Aprimorado-NR\" style=\"background-image: url(&#039;https:\/\/mowaarq.com\/wp-content\/uploads\/2023\/09\/Copia-de-MOWA-080-Aprimorado-NR.jpg&#039;)\">\r\n\r\n\t\t\t\r\n\t\t\t\t\t<\/div>\r\n\t\t<\/a>\t\t\t\t\t\t<\/div>\r\n\t\t\t\t\t\t\t\t\t\t\t<div class=\"swiper-slide\" role=\"group\" aria-roledescription=\"slide\">\r\n\t\t\t\t\t\t\t<a href=\"https:\/\/mowaarq.com\/wp-content\/uploads\/2023\/09\/Copia-de-MOWA-013-Aprimorado-NR.jpg\" data-elementor-open-lightbox=\"yes\" data-elementor-lightbox-slideshow=\"495be74\" data-elementor-lightbox-title=\"C\u00f3pia de MOWA-013-Aprimorado-NR\" data-e-action-hash=\"#elementor-action%3Aaction%3Dlightbox%26settings%3DeyJpZCI6NDc5LCJ1cmwiOiJodHRwczpcL1wvbW93YWFycS5jb21cL3dwLWNvbnRlbnRcL3VwbG9hZHNcLzIwMjNcLzA5XC9Db3BpYS1kZS1NT1dBLTAxMy1BcHJpbW9yYWRvLU5SLmpwZyIsInNsaWRlc2hvdyI6IjQ5NWJlNzQifQ%3D%3D\">\t\t<div class=\"elementor-carousel-image\" role=\"img\" aria-label=\"C\u00f3pia de MOWA-013-Aprimorado-NR\" style=\"background-image: url(&#039;https:\/\/mowaarq.com\/wp-content\/uploads\/2023\/09\/Copia-de-MOWA-013-Aprimorado-NR.jpg&#039;)\">\r\n\r\n\t\t\t\r\n\t\t\t\t\t<\/div>\r\n\t\t<\/a>\t\t\t\t\t\t<\/div>\r\n\t\t\t\t\t\t\t\t\t\t\t<div class=\"swiper-slide\" role=\"group\" aria-roledescription=\"slide\">\r\n\t\t\t\t\t\t\t<a href=\"https:\/\/mowaarq.com\/wp-content\/uploads\/2023\/09\/Copia-de-MOWA-008-Aprimorado-NR.jpg\" data-elementor-open-lightbox=\"yes\" data-elementor-lightbox-slideshow=\"495be74\" data-elementor-lightbox-title=\"C\u00f3pia de MOWA-008-Aprimorado-NR\" data-e-action-hash=\"#elementor-action%3Aaction%3Dlightbox%26settings%3DeyJpZCI6NDc4LCJ1cmwiOiJodHRwczpcL1wvbW93YWFycS5jb21cL3dwLWNvbnRlbnRcL3VwbG9hZHNcLzIwMjNcLzA5XC9Db3BpYS1kZS1NT1dBLTAwOC1BcHJpbW9yYWRvLU5SLmpwZyIsInNsaWRlc2hvdyI6IjQ5NWJlNzQifQ%3D%3D\">\t\t<div class=\"elementor-carousel-image\" role=\"img\" aria-label=\"C\u00f3pia de MOWA-008-Aprimorado-NR\" style=\"background-image: url(&#039;https:\/\/mowaarq.com\/wp-content\/uploads\/2023\/09\/Copia-de-MOWA-008-Aprimorado-NR.jpg&#039;)\">\r\n\r\n\t\t\t\r\n\t\t\t\t\t<\/div>\r\n\t\t<\/a>\t\t\t\t\t\t<\/div>\r\n\t\t\t\t\t\t\t\t\t<\/div>\r\n\t\t\t\t\t\t\t\t\t\t\t\t\t\t\t<div class=\"elementor-swiper-button elementor-swiper-button-prev\" role=\"button\" tabindex=\"0\" aria-label=\"Previous\">\r\n\t\t\t\t\t\t\t<i aria-hidden=\"true\" class=\"eicon-chevron-left\"><\/i>\t\t\t\t\t\t<\/div>\r\n\t\t\t\t\t\t<div class=\"elementor-swiper-button elementor-swiper-button-next\" role=\"button\" tabindex=\"0\" aria-label=\"Next\">\r\n\t\t\t\t\t\t\t<i aria-hidden=\"true\" class=\"eicon-chevron-right\"><\/i>\t\t\t\t\t\t<\/div>\r\n\t\t\t\t\t\t\t\t\t\t\t\t\t\t\t\t\t<\/div>\r\n\t\t\t\t<\/div>\r\n\t\t\t\t\t\t\t\t<\/div>\n\t\t\t\t<\/div>\n\t\t\t\t<div class=\"elementor-element elementor-element-a24379b elementor-widget elementor-widget-text-editor\" data-id=\"a24379b\" data-element_type=\"widget\" data-e-type=\"widget\" data-widget_type=\"text-editor.default\">\n\t\t\t\t<div class=\"elementor-widget-container\">\n\t\t\t\t\t\t\t\t\t<p>Fotos: Cristiano Bauce<\/p>\n\t\t\t\t\t\t\t\t<\/div>\n\t\t\t\t<\/div>\n\t\t\t\t<\/div>\n\t\t\t\t\t<\/div>\n\t\t\t\t<\/div>\n\t\t\t\t<\/div>\n\t\t","protected":false},"excerpt":{"rendered":"<p>VARANDA LAS PIEDRAS Varanda Las Piedras es un oasis fluido y encantador donde la influencia uruguaya se funde con nosotros en un baile afable. Las paredes<span class=\"excerpt-hellip\"> [\u2026]<\/span><\/p>\n","protected":false},"author":1,"featured_media":0,"parent":3957,"menu_order":0,"comment_status":"closed","ping_status":"closed","template":"elementor_header_footer","meta":{"_acf_changed":false,"footnotes":""},"class_list":["post-4072","page","type-page","status-publish","hentry"],"acf":[],"yoast_head":"<!-- This site is optimized with the Yoast SEO Premium plugin v22.0 (Yoast SEO v26.9) - https:\/\/yoast.com\/product\/yoast-seo-premium-wordpress\/ -->\n<title>Casacor RS 2023 - Mowa Arquitectura<\/title>\n<meta name=\"robots\" content=\"index, follow, max-snippet:-1, max-image-preview:large, max-video-preview:-1\" \/>\n<link rel=\"canonical\" href=\"https:\/\/mowaarq.com\/es\/mowa\/espectaculos\/casacor-rs-2023\/\" \/>\n<meta property=\"og:locale\" content=\"es_ES\" \/>\n<meta property=\"og:type\" content=\"article\" \/>\n<meta property=\"og:title\" content=\"Casacor RS 2023\" \/>\n<meta property=\"og:description\" content=\"VARANDA LAS PIEDRAS Varanda Las Piedras es un oasis fluido y encantador donde la influencia uruguaya se funde con nosotros en un baile afable. Las paredes [\u2026]\" \/>\n<meta property=\"og:url\" content=\"https:\/\/mowaarq.com\/es\/mowa\/espectaculos\/casacor-rs-2023\/\" \/>\n<meta property=\"og:site_name\" content=\"Mowa Arquitectura\" \/>\n<meta property=\"article:publisher\" content=\"https:\/\/pt-br.facebook.com\/MowaArq\/\" \/>\n<meta property=\"article:modified_time\" content=\"2024-03-22T20:15:34+00:00\" \/>\n<meta property=\"og:image\" content=\"https:\/\/mowaarq.com\/wp-content\/uploads\/2023\/09\/casacor-rs-logo.png\" \/>\n<meta name=\"twitter:card\" content=\"summary_large_image\" \/>\n<script type=\"application\/ld+json\" class=\"yoast-schema-graph\">{\"@context\":\"https:\/\/schema.org\",\"@graph\":[{\"@type\":\"WebPage\",\"@id\":\"https:\/\/mowaarq.com\/es\/mowa\/espectaculos\/casacor-rs-2023\/\",\"url\":\"https:\/\/mowaarq.com\/es\/mowa\/espectaculos\/casacor-rs-2023\/\",\"name\":\"Casacor RS 2023 - Mowa Arquitectura\",\"isPartOf\":{\"@id\":\"https:\/\/mowaarq.com\/es\/#website\"},\"primaryImageOfPage\":{\"@id\":\"https:\/\/mowaarq.com\/es\/mowa\/espectaculos\/casacor-rs-2023\/#primaryimage\"},\"image\":{\"@id\":\"https:\/\/mowaarq.com\/es\/mowa\/espectaculos\/casacor-rs-2023\/#primaryimage\"},\"thumbnailUrl\":\"https:\/\/mowaarq.com\/wp-content\/uploads\/2023\/09\/casacor-rs-logo.png\",\"datePublished\":\"2023-09-12T14:06:19+00:00\",\"dateModified\":\"2024-03-22T20:15:34+00:00\",\"breadcrumb\":{\"@id\":\"https:\/\/mowaarq.com\/es\/mowa\/espectaculos\/casacor-rs-2023\/#breadcrumb\"},\"inLanguage\":\"es\",\"potentialAction\":[{\"@type\":\"ReadAction\",\"target\":[\"https:\/\/mowaarq.com\/es\/mowa\/espectaculos\/casacor-rs-2023\/\"]}]},{\"@type\":\"ImageObject\",\"inLanguage\":\"es\",\"@id\":\"https:\/\/mowaarq.com\/es\/mowa\/espectaculos\/casacor-rs-2023\/#primaryimage\",\"url\":\"https:\/\/mowaarq.com\/wp-content\/uploads\/2023\/09\/casacor-rs-logo.png\",\"contentUrl\":\"https:\/\/mowaarq.com\/wp-content\/uploads\/2023\/09\/casacor-rs-logo.png\"},{\"@type\":\"BreadcrumbList\",\"@id\":\"https:\/\/mowaarq.com\/es\/mowa\/espectaculos\/casacor-rs-2023\/#breadcrumb\",\"itemListElement\":[{\"@type\":\"ListItem\",\"position\":1,\"name\":\"In\u00edcio\",\"item\":\"https:\/\/mowaarq.com\/es\/\"},{\"@type\":\"ListItem\",\"position\":2,\"name\":\"Mowa\",\"item\":\"https:\/\/mowaarq.com\/es\/mowa\/\"},{\"@type\":\"ListItem\",\"position\":3,\"name\":\"Espect\u00e1culos\",\"item\":\"https:\/\/mowaarq.com\/es\/mowa\/espectaculos\/\"},{\"@type\":\"ListItem\",\"position\":4,\"name\":\"Casacor RS 2023\"}]},{\"@type\":\"WebSite\",\"@id\":\"https:\/\/mowaarq.com\/es\/#website\",\"url\":\"https:\/\/mowaarq.com\/es\/\",\"name\":\"Mowa Arquitectura\",\"description\":\"Fluidez Criativa Para Resultados S\u00f3lidos\",\"publisher\":{\"@id\":\"https:\/\/mowaarq.com\/es\/#organization\"},\"potentialAction\":[{\"@type\":\"SearchAction\",\"target\":{\"@type\":\"EntryPoint\",\"urlTemplate\":\"https:\/\/mowaarq.com\/es\/?s={search_term_string}\"},\"query-input\":{\"@type\":\"PropertyValueSpecification\",\"valueRequired\":true,\"valueName\":\"search_term_string\"}}],\"inLanguage\":\"es\"},{\"@type\":\"Organization\",\"@id\":\"https:\/\/mowaarq.com\/es\/#organization\",\"name\":\"Mowa Arquitectura\",\"url\":\"https:\/\/mowaarq.com\/es\/\",\"logo\":{\"@type\":\"ImageObject\",\"inLanguage\":\"es\",\"@id\":\"https:\/\/mowaarq.com\/es\/#\/schema\/logo\/image\/\",\"url\":\"https:\/\/mowaarq.com\/wp-content\/uploads\/2023\/11\/logo-mowa-SEO.png\",\"contentUrl\":\"https:\/\/mowaarq.com\/wp-content\/uploads\/2023\/11\/logo-mowa-SEO.png\",\"width\":400,\"height\":400,\"caption\":\"Mowa Arquitectura\"},\"image\":{\"@id\":\"https:\/\/mowaarq.com\/es\/#\/schema\/logo\/image\/\"},\"sameAs\":[\"https:\/\/pt-br.facebook.com\/MowaArq\/\",\"https:\/\/www.instagram.com\/mowaarq\/\",\"https:\/\/www.youtube.com\/channel\/UCAhakD0TpcNQ3wWs4ophaag\"]}]}<\/script>\n<!-- \/ Yoast SEO Premium plugin. -->","yoast_head_json":{"title":"Casacor RS 2023 - Mowa Arquitectura","robots":{"index":"index","follow":"follow","max-snippet":"max-snippet:-1","max-image-preview":"max-image-preview:large","max-video-preview":"max-video-preview:-1"},"canonical":"https:\/\/mowaarq.com\/es\/mowa\/espectaculos\/casacor-rs-2023\/","og_locale":"es_ES","og_type":"article","og_title":"Casacor RS 2023","og_description":"VARANDA LAS PIEDRAS Varanda Las Piedras es un oasis fluido y encantador donde la influencia uruguaya se funde con nosotros en un baile afable. Las paredes [\u2026]","og_url":"https:\/\/mowaarq.com\/es\/mowa\/espectaculos\/casacor-rs-2023\/","og_site_name":"Mowa Arquitectura","article_publisher":"https:\/\/pt-br.facebook.com\/MowaArq\/","article_modified_time":"2024-03-22T20:15:34+00:00","og_image":[{"url":"https:\/\/mowaarq.com\/wp-content\/uploads\/2023\/09\/casacor-rs-logo.png","type":"","width":"","height":""}],"twitter_card":"summary_large_image","schema":{"@context":"https:\/\/schema.org","@graph":[{"@type":"WebPage","@id":"https:\/\/mowaarq.com\/es\/mowa\/espectaculos\/casacor-rs-2023\/","url":"https:\/\/mowaarq.com\/es\/mowa\/espectaculos\/casacor-rs-2023\/","name":"Casacor RS 2023 - Mowa Arquitectura","isPartOf":{"@id":"https:\/\/mowaarq.com\/es\/#website"},"primaryImageOfPage":{"@id":"https:\/\/mowaarq.com\/es\/mowa\/espectaculos\/casacor-rs-2023\/#primaryimage"},"image":{"@id":"https:\/\/mowaarq.com\/es\/mowa\/espectaculos\/casacor-rs-2023\/#primaryimage"},"thumbnailUrl":"https:\/\/mowaarq.com\/wp-content\/uploads\/2023\/09\/casacor-rs-logo.png","datePublished":"2023-09-12T14:06:19+00:00","dateModified":"2024-03-22T20:15:34+00:00","breadcrumb":{"@id":"https:\/\/mowaarq.com\/es\/mowa\/espectaculos\/casacor-rs-2023\/#breadcrumb"},"inLanguage":"es","potentialAction":[{"@type":"ReadAction","target":["https:\/\/mowaarq.com\/es\/mowa\/espectaculos\/casacor-rs-2023\/"]}]},{"@type":"ImageObject","inLanguage":"es","@id":"https:\/\/mowaarq.com\/es\/mowa\/espectaculos\/casacor-rs-2023\/#primaryimage","url":"https:\/\/mowaarq.com\/wp-content\/uploads\/2023\/09\/casacor-rs-logo.png","contentUrl":"https:\/\/mowaarq.com\/wp-content\/uploads\/2023\/09\/casacor-rs-logo.png"},{"@type":"BreadcrumbList","@id":"https:\/\/mowaarq.com\/es\/mowa\/espectaculos\/casacor-rs-2023\/#breadcrumb","itemListElement":[{"@type":"ListItem","position":1,"name":"In\u00edcio","item":"https:\/\/mowaarq.com\/es\/"},{"@type":"ListItem","position":2,"name":"Mowa","item":"https:\/\/mowaarq.com\/es\/mowa\/"},{"@type":"ListItem","position":3,"name":"Espect\u00e1culos","item":"https:\/\/mowaarq.com\/es\/mowa\/espectaculos\/"},{"@type":"ListItem","position":4,"name":"Casacor RS 2023"}]},{"@type":"WebSite","@id":"https:\/\/mowaarq.com\/es\/#website","url":"https:\/\/mowaarq.com\/es\/","name":"Mowa Arquitectura","description":"Fluidez Criativa Para Resultados S\u00f3lidos","publisher":{"@id":"https:\/\/mowaarq.com\/es\/#organization"},"potentialAction":[{"@type":"SearchAction","target":{"@type":"EntryPoint","urlTemplate":"https:\/\/mowaarq.com\/es\/?s={search_term_string}"},"query-input":{"@type":"PropertyValueSpecification","valueRequired":true,"valueName":"search_term_string"}}],"inLanguage":"es"},{"@type":"Organization","@id":"https:\/\/mowaarq.com\/es\/#organization","name":"Mowa Arquitectura","url":"https:\/\/mowaarq.com\/es\/","logo":{"@type":"ImageObject","inLanguage":"es","@id":"https:\/\/mowaarq.com\/es\/#\/schema\/logo\/image\/","url":"https:\/\/mowaarq.com\/wp-content\/uploads\/2023\/11\/logo-mowa-SEO.png","contentUrl":"https:\/\/mowaarq.com\/wp-content\/uploads\/2023\/11\/logo-mowa-SEO.png","width":400,"height":400,"caption":"Mowa Arquitectura"},"image":{"@id":"https:\/\/mowaarq.com\/es\/#\/schema\/logo\/image\/"},"sameAs":["https:\/\/pt-br.facebook.com\/MowaArq\/","https:\/\/www.instagram.com\/mowaarq\/","https:\/\/www.youtube.com\/channel\/UCAhakD0TpcNQ3wWs4ophaag"]}]}},"_links":{"self":[{"href":"https:\/\/mowaarq.com\/es\/wp-json\/wp\/v2\/pages\/4072","targetHints":{"allow":["GET"]}}],"collection":[{"href":"https:\/\/mowaarq.com\/es\/wp-json\/wp\/v2\/pages"}],"about":[{"href":"https:\/\/mowaarq.com\/es\/wp-json\/wp\/v2\/types\/page"}],"author":[{"embeddable":true,"href":"https:\/\/mowaarq.com\/es\/wp-json\/wp\/v2\/users\/1"}],"replies":[{"embeddable":true,"href":"https:\/\/mowaarq.com\/es\/wp-json\/wp\/v2\/comments?post=4072"}],"version-history":[{"count":1,"href":"https:\/\/mowaarq.com\/es\/wp-json\/wp\/v2\/pages\/4072\/revisions"}],"predecessor-version":[{"id":4073,"href":"https:\/\/mowaarq.com\/es\/wp-json\/wp\/v2\/pages\/4072\/revisions\/4073"}],"up":[{"embeddable":true,"href":"https:\/\/mowaarq.com\/es\/wp-json\/wp\/v2\/pages\/3957"}],"wp:attachment":[{"href":"https:\/\/mowaarq.com\/es\/wp-json\/wp\/v2\/media?parent=4072"}],"curies":[{"name":"wp","href":"https:\/\/api.w.org\/{rel}","templated":true}]}}