{"id":3896,"date":"2023-09-20T16:25:50","date_gmt":"2023-09-20T19:25:50","guid":{"rendered":"https:\/\/mowaarq.com\/urbano\/"},"modified":"2024-03-19T17:59:12","modified_gmt":"2024-03-19T20:59:12","slug":"urbano","status":"publish","type":"page","link":"https:\/\/mowaarq.com\/es\/urbano\/","title":{"rendered":"Urbano"},"content":{"rendered":"\t\t<div data-elementor-type=\"wp-page\" data-elementor-id=\"3896\" class=\"elementor elementor-3896 elementor-1383\" data-elementor-post-type=\"page\">\n\t\t\t\t<div class=\"elementor-element elementor-element-f836660 breadcrumb e-flex e-con-boxed e-con e-parent\" data-id=\"f836660\" data-element_type=\"container\" data-e-type=\"container\">\n\t\t\t\t\t<div class=\"e-con-inner\">\n\t\t\t\t<div class=\"elementor-element elementor-element-bfaa7db elementor-widget__width-inherit elementor-widget elementor-widget-breadcrumbs\" data-id=\"bfaa7db\" data-element_type=\"widget\" data-e-type=\"widget\" data-widget_type=\"breadcrumbs.default\">\n\t\t\t\t<div class=\"elementor-widget-container\">\n\t\t\t\t\t<div id=\"breadcrumbs\"><span><span><a href=\"https:\/\/mowaarq.com\/es\/\">In\u00edcio<\/a><\/span><\/span><\/div>\t\t\t\t<\/div>\n\t\t\t\t<\/div>\n\t\t\t\t\t<\/div>\n\t\t\t\t<\/div>\n\t\t<div class=\"elementor-element elementor-element-5d3884f e-flex e-con-boxed e-con e-parent\" data-id=\"5d3884f\" data-element_type=\"container\" data-e-type=\"container\">\n\t\t\t\t\t<div class=\"e-con-inner\">\n\t\t\t\t<div class=\"elementor-element elementor-element-36ce267 elementor-nav-menu__align-end elementor-nav-menu--dropdown-none submenu-interno elementor-widget elementor-widget-nav-menu\" data-id=\"36ce267\" data-element_type=\"widget\" data-e-type=\"widget\" data-settings=\"{&quot;layout&quot;:&quot;horizontal&quot;,&quot;submenu_icon&quot;:{&quot;value&quot;:&quot;&lt;i class=\\&quot;fas fa-caret-down\\&quot; aria-hidden=\\&quot;true\\&quot;&gt;&lt;\\\/i&gt;&quot;,&quot;library&quot;:&quot;fa-solid&quot;}}\" data-widget_type=\"nav-menu.default\">\n\t\t\t\t<div class=\"elementor-widget-container\">\n\t\t\t\t\t\t\t\t<nav aria-label=\"Menu\" class=\"elementor-nav-menu--main elementor-nav-menu__container elementor-nav-menu--layout-horizontal e--pointer-none\">\r\n\t\t\t\t<ul id=\"menu-1-36ce267\" class=\"elementor-nav-menu\"><li class=\"back-btn menu-item menu-item-type-post_type menu-item-object-page menu-item-4280\"><a href=\"https:\/\/mowaarq.com\/es\/proyectos\/\" class=\"elementor-item\">Volver<\/a><\/li>\n<li class=\"menu-item menu-item-type-post_type menu-item-object-page menu-item-4281\"><a href=\"https:\/\/mowaarq.com\/es\/proyectos\/residencial\/\" class=\"elementor-item\">Residencial<\/a><\/li>\n<li class=\"menu-item menu-item-type-post_type menu-item-object-page menu-item-4282\"><a href=\"https:\/\/mowaarq.com\/es\/proyectos\/interiores\/\" class=\"elementor-item\">Interiores<\/a><\/li>\n<li class=\"menu-item menu-item-type-post_type menu-item-object-page menu-item-4283\"><a href=\"https:\/\/mowaarq.com\/es\/proyectos\/comercial\/\" class=\"elementor-item\">Comercial<\/a><\/li>\n<li class=\"menu-item menu-item-type-post_type menu-item-object-page menu-item-4284\"><a href=\"https:\/\/mowaarq.com\/es\/urbano\/\" class=\"elementor-item\">Urbano<\/a><\/li>\n<li class=\"menu-item menu-item-type-post_type menu-item-object-page menu-item-4285\"><a href=\"https:\/\/mowaarq.com\/es\/proyectos\/vertical\/\" class=\"elementor-item\">Vertical<\/a><\/li>\n<li class=\"menu-item menu-item-type-post_type menu-item-object-page menu-item-4286\"><a href=\"https:\/\/mowaarq.com\/es\/proyectos\/paisajismo\/\" class=\"elementor-item\">Paisajismo<\/a><\/li>\n<\/ul>\t\t\t<\/nav>\r\n\t\t\t\t\t\t<nav class=\"elementor-nav-menu--dropdown elementor-nav-menu__container\" aria-hidden=\"true\">\r\n\t\t\t\t<ul id=\"menu-2-36ce267\" class=\"elementor-nav-menu\"><li class=\"back-btn menu-item menu-item-type-post_type menu-item-object-page menu-item-4280\"><a href=\"https:\/\/mowaarq.com\/es\/proyectos\/\" class=\"elementor-item\" tabindex=\"-1\">Volver<\/a><\/li>\n<li class=\"menu-item menu-item-type-post_type menu-item-object-page menu-item-4281\"><a href=\"https:\/\/mowaarq.com\/es\/proyectos\/residencial\/\" class=\"elementor-item\" tabindex=\"-1\">Residencial<\/a><\/li>\n<li class=\"menu-item menu-item-type-post_type menu-item-object-page menu-item-4282\"><a href=\"https:\/\/mowaarq.com\/es\/proyectos\/interiores\/\" class=\"elementor-item\" tabindex=\"-1\">Interiores<\/a><\/li>\n<li class=\"menu-item menu-item-type-post_type menu-item-object-page menu-item-4283\"><a href=\"https:\/\/mowaarq.com\/es\/proyectos\/comercial\/\" class=\"elementor-item\" tabindex=\"-1\">Comercial<\/a><\/li>\n<li class=\"menu-item menu-item-type-post_type menu-item-object-page menu-item-4284\"><a href=\"https:\/\/mowaarq.com\/es\/urbano\/\" class=\"elementor-item\" tabindex=\"-1\">Urbano<\/a><\/li>\n<li class=\"menu-item menu-item-type-post_type menu-item-object-page menu-item-4285\"><a href=\"https:\/\/mowaarq.com\/es\/proyectos\/vertical\/\" class=\"elementor-item\" tabindex=\"-1\">Vertical<\/a><\/li>\n<li class=\"menu-item menu-item-type-post_type menu-item-object-page menu-item-4286\"><a href=\"https:\/\/mowaarq.com\/es\/proyectos\/paisajismo\/\" class=\"elementor-item\" tabindex=\"-1\">Paisajismo<\/a><\/li>\n<\/ul>\t\t\t<\/nav>\r\n\t\t\t\t\t\t<\/div>\n\t\t\t\t<\/div>\n\t\t\t\t\t<\/div>\n\t\t\t\t<\/div>\n\t\t<div class=\"elementor-element elementor-element-f34ed6f e-flex e-con-boxed e-con e-parent\" data-id=\"f34ed6f\" data-element_type=\"container\" data-e-type=\"container\">\n\t\t\t\t\t<div class=\"e-con-inner\">\n\t\t<div class=\"elementor-element elementor-element-4b9be83 e-flex e-con-boxed e-con e-child\" data-id=\"4b9be83\" data-element_type=\"container\" data-e-type=\"container\">\n\t\t\t\t\t<div class=\"e-con-inner\">\n\t\t<div class=\"elementor-element elementor-element-0d6f416 e-con-full e-flex e-con e-child\" data-id=\"0d6f416\" data-element_type=\"container\" data-e-type=\"container\">\n\t\t\t\t<div class=\"elementor-element elementor-element-17d6017 elementor-skin-carousel elementor-arrows-yes elementor-widget elementor-widget-media-carousel\" data-id=\"17d6017\" data-element_type=\"widget\" data-e-type=\"widget\" data-settings=\"{&quot;slides_per_view&quot;:&quot;1&quot;,&quot;slides_to_scroll&quot;:&quot;1&quot;,&quot;skin&quot;:&quot;carousel&quot;,&quot;effect&quot;:&quot;slide&quot;,&quot;show_arrows&quot;:&quot;yes&quot;,&quot;speed&quot;:500,&quot;autoplay&quot;:&quot;yes&quot;,&quot;autoplay_speed&quot;:5000,&quot;loop&quot;:&quot;yes&quot;,&quot;pause_on_hover&quot;:&quot;yes&quot;,&quot;pause_on_interaction&quot;:&quot;yes&quot;,&quot;space_between&quot;:{&quot;unit&quot;:&quot;px&quot;,&quot;size&quot;:10,&quot;sizes&quot;:[]},&quot;space_between_tablet&quot;:{&quot;unit&quot;:&quot;px&quot;,&quot;size&quot;:10,&quot;sizes&quot;:[]},&quot;space_between_mobile&quot;:{&quot;unit&quot;:&quot;px&quot;,&quot;size&quot;:10,&quot;sizes&quot;:[]}}\" data-widget_type=\"media-carousel.default\">\n\t\t\t\t<div class=\"elementor-widget-container\">\n\t\t\t\t\t\t\t\t\t<div class=\"elementor-swiper\">\r\n\t\t\t\t\t<div class=\"elementor-main-swiper swiper\" role=\"region\" aria-roledescription=\"carousel\" aria-label=\"Slides\">\r\n\t\t\t\t<div class=\"swiper-wrapper\">\r\n\t\t\t\t\t\t\t\t\t\t\t<div class=\"swiper-slide\" role=\"group\" aria-roledescription=\"slide\">\r\n\t\t\t\t\t\t\t<a href=\"https:\/\/mowaarq.com\/wp-content\/uploads\/2023\/11\/1.jpg\" data-elementor-open-lightbox=\"yes\" data-elementor-lightbox-slideshow=\"17d6017\" data-elementor-lightbox-title=\"1\" data-e-action-hash=\"#elementor-action%3Aaction%3Dlightbox%26settings%3DeyJpZCI6MjY1MCwidXJsIjoiaHR0cHM6XC9cL21vd2FhcnEuY29tXC93cC1jb250ZW50XC91cGxvYWRzXC8yMDIzXC8xMVwvMS5qcGciLCJzbGlkZXNob3ciOiIxN2Q2MDE3In0%3D\">\t\t<div class=\"elementor-carousel-image\" role=\"img\" aria-label=\"1\" style=\"background-image: url(&#039;https:\/\/mowaarq.com\/wp-content\/uploads\/2023\/11\/1.jpg&#039;)\">\r\n\r\n\t\t\t\r\n\t\t\t\t\t<\/div>\r\n\t\t<\/a>\t\t\t\t\t\t<\/div>\r\n\t\t\t\t\t\t\t\t\t\t\t<div class=\"swiper-slide\" role=\"group\" aria-roledescription=\"slide\">\r\n\t\t\t\t\t\t\t\t\t<div class=\"elementor-carousel-image\" role=\"img\" aria-label=\"2\" style=\"background-image: url(&#039;https:\/\/mowaarq.com\/wp-content\/uploads\/2023\/11\/2.jpg&#039;)\">\r\n\r\n\t\t\t\r\n\t\t\t\t\t<\/div>\r\n\t\t\t\t\t\t\t\t<\/div>\r\n\t\t\t\t\t\t\t\t\t\t\t<div class=\"swiper-slide\" role=\"group\" aria-roledescription=\"slide\">\r\n\t\t\t\t\t\t\t\t\t<div class=\"elementor-carousel-image\" role=\"img\" aria-label=\"3\" style=\"background-image: url(&#039;https:\/\/mowaarq.com\/wp-content\/uploads\/2023\/11\/3.jpg&#039;)\">\r\n\r\n\t\t\t\r\n\t\t\t\t\t<\/div>\r\n\t\t\t\t\t\t\t\t<\/div>\r\n\t\t\t\t\t\t\t\t\t\t\t<div class=\"swiper-slide\" role=\"group\" aria-roledescription=\"slide\">\r\n\t\t\t\t\t\t\t\t\t<div class=\"elementor-carousel-image\" role=\"img\" aria-label=\"4\" style=\"background-image: url(&#039;https:\/\/mowaarq.com\/wp-content\/uploads\/2023\/11\/4.jpg&#039;)\">\r\n\r\n\t\t\t\r\n\t\t\t\t\t<\/div>\r\n\t\t\t\t\t\t\t\t<\/div>\r\n\t\t\t\t\t\t\t\t\t\t\t<div class=\"swiper-slide\" role=\"group\" aria-roledescription=\"slide\">\r\n\t\t\t\t\t\t\t\t\t<div class=\"elementor-carousel-image\" role=\"img\" aria-label=\"5\" style=\"background-image: url(&#039;https:\/\/mowaarq.com\/wp-content\/uploads\/2023\/11\/5.jpg&#039;)\">\r\n\r\n\t\t\t\r\n\t\t\t\t\t<\/div>\r\n\t\t\t\t\t\t\t\t<\/div>\r\n\t\t\t\t\t\t\t\t\t\t\t<div class=\"swiper-slide\" role=\"group\" aria-roledescription=\"slide\">\r\n\t\t\t\t\t\t\t\t\t<div class=\"elementor-carousel-image\" role=\"img\" aria-label=\"6\" style=\"background-image: url(&#039;https:\/\/mowaarq.com\/wp-content\/uploads\/2023\/11\/6.jpg&#039;)\">\r\n\r\n\t\t\t\r\n\t\t\t\t\t<\/div>\r\n\t\t\t\t\t\t\t\t<\/div>\r\n\t\t\t\t\t\t\t\t\t\t\t<div class=\"swiper-slide\" role=\"group\" aria-roledescription=\"slide\">\r\n\t\t\t\t\t\t\t\t\t<div class=\"elementor-carousel-image\" role=\"img\" aria-label=\"7\" style=\"background-image: url(&#039;https:\/\/mowaarq.com\/wp-content\/uploads\/2023\/11\/7.jpg&#039;)\">\r\n\r\n\t\t\t\r\n\t\t\t\t\t<\/div>\r\n\t\t\t\t\t\t\t\t<\/div>\r\n\t\t\t\t\t\t\t\t\t\t\t<div class=\"swiper-slide\" role=\"group\" aria-roledescription=\"slide\">\r\n\t\t\t\t\t\t\t\t\t<div class=\"elementor-carousel-image\" role=\"img\" aria-label=\"8\" style=\"background-image: url(&#039;https:\/\/mowaarq.com\/wp-content\/uploads\/2023\/11\/8.jpg&#039;)\">\r\n\r\n\t\t\t\r\n\t\t\t\t\t<\/div>\r\n\t\t\t\t\t\t\t\t<\/div>\r\n\t\t\t\t\t\t\t\t\t<\/div>\r\n\t\t\t\t\t\t\t\t\t\t\t\t\t\t\t<div class=\"elementor-swiper-button elementor-swiper-button-prev\" role=\"button\" tabindex=\"0\" aria-label=\"Previous\">\r\n\t\t\t\t\t\t\t<i aria-hidden=\"true\" class=\"eicon-chevron-left\"><\/i>\t\t\t\t\t\t<\/div>\r\n\t\t\t\t\t\t<div class=\"elementor-swiper-button elementor-swiper-button-next\" role=\"button\" tabindex=\"0\" aria-label=\"Next\">\r\n\t\t\t\t\t\t\t<i aria-hidden=\"true\" class=\"eicon-chevron-right\"><\/i>\t\t\t\t\t\t<\/div>\r\n\t\t\t\t\t\t\t\t\t\t\t\t\t\t\t\t\t<\/div>\r\n\t\t\t\t<\/div>\r\n\t\t\t\t\t\t\t\t<\/div>\n\t\t\t\t<\/div>\n\t\t\t\t<\/div>\n\t\t<div class=\"elementor-element elementor-element-c6dd899 e-flex e-con-boxed e-con e-child\" data-id=\"c6dd899\" data-element_type=\"container\" data-e-type=\"container\">\n\t\t\t\t\t<div class=\"e-con-inner\">\n\t\t\t\t<div class=\"elementor-element elementor-element-7cc6c77 elementor-widget elementor-widget-text-editor\" data-id=\"7cc6c77\" data-element_type=\"widget\" data-e-type=\"widget\" data-widget_type=\"text-editor.default\">\n\t\t\t\t<div class=\"elementor-widget-container\">\n\t\t\t\t\t\t\t\t\t<p> A la hora de planificar proyectos urbanos, ya sea para nuevos desarrollos o para la revitalizaci\u00f3n de \u00e1reas existentes, es fundamental integrar conocimientos t\u00e9cnicos, herramientas adecuadas y la experiencia del profesional involucrado. Estos proyectos requieren un enfoque multidisciplinar y exhaustivo para garantizar una configuraci\u00f3n urbana segura y funcional, considerando diversos aspectos, como la infraestructura viaria, las redes de transporte p\u00fablico, los espacios verdes, las zonas de ocio, las \u00e1reas comerciales y la integraci\u00f3n con el entorno. <\/p>\n\t\t\t\t\t\t\t\t<\/div>\n\t\t\t\t<\/div>\n\t\t\t\t\t<\/div>\n\t\t\t\t<\/div>\n\t\t\t\t\t<\/div>\n\t\t\t\t<\/div>\n\t\t\t\t\t<\/div>\n\t\t\t\t<\/div>\n\t\t\t\t<\/div>\n\t\t","protected":false},"excerpt":{"rendered":"<p>Previous Next A la hora de planificar proyectos urbanos, ya sea para nuevos desarrollos o para la revitalizaci\u00f3n de \u00e1reas existentes, es fundamental integrar conocimientos t\u00e9cnicos,<span class=\"excerpt-hellip\"> [\u2026]<\/span><\/p>\n","protected":false},"author":1,"featured_media":0,"parent":3969,"menu_order":0,"comment_status":"closed","ping_status":"closed","template":"elementor_header_footer","meta":{"_acf_changed":false,"footnotes":""},"class_list":["post-3896","page","type-page","status-publish","hentry"],"acf":[],"yoast_head":"<!-- This site is optimized with the Yoast SEO Premium plugin v22.0 (Yoast SEO v26.9) - https:\/\/yoast.com\/product\/yoast-seo-premium-wordpress\/ -->\n<title>Urbano - Mowa Arquitectura<\/title>\n<meta name=\"robots\" content=\"index, follow, max-snippet:-1, max-image-preview:large, max-video-preview:-1\" \/>\n<link rel=\"canonical\" href=\"https:\/\/mowaarq.com\/es\/urbano\/\" \/>\n<meta property=\"og:locale\" content=\"es_ES\" \/>\n<meta property=\"og:type\" content=\"article\" \/>\n<meta property=\"og:title\" content=\"Urbano\" \/>\n<meta property=\"og:description\" content=\"Previous Next A la hora de planificar proyectos urbanos, ya sea para nuevos desarrollos o para la revitalizaci\u00f3n de \u00e1reas existentes, es fundamental integrar conocimientos t\u00e9cnicos, [\u2026]\" \/>\n<meta property=\"og:url\" content=\"https:\/\/mowaarq.com\/es\/urbano\/\" \/>\n<meta property=\"og:site_name\" content=\"Mowa Arquitectura\" \/>\n<meta property=\"article:publisher\" content=\"https:\/\/pt-br.facebook.com\/MowaArq\/\" \/>\n<meta property=\"article:modified_time\" content=\"2024-03-19T20:59:12+00:00\" \/>\n<meta name=\"twitter:card\" content=\"summary_large_image\" \/>\n<script type=\"application\/ld+json\" class=\"yoast-schema-graph\">{\"@context\":\"https:\/\/schema.org\",\"@graph\":[{\"@type\":\"WebPage\",\"@id\":\"https:\/\/mowaarq.com\/es\/urbano\/\",\"url\":\"https:\/\/mowaarq.com\/es\/urbano\/\",\"name\":\"Urbano - Mowa Arquitectura\",\"isPartOf\":{\"@id\":\"https:\/\/mowaarq.com\/es\/#website\"},\"datePublished\":\"2023-09-20T19:25:50+00:00\",\"dateModified\":\"2024-03-19T20:59:12+00:00\",\"breadcrumb\":{\"@id\":\"https:\/\/mowaarq.com\/es\/urbano\/#breadcrumb\"},\"inLanguage\":\"es\",\"potentialAction\":[{\"@type\":\"ReadAction\",\"target\":[\"https:\/\/mowaarq.com\/es\/urbano\/\"]}]},{\"@type\":\"BreadcrumbList\",\"@id\":\"https:\/\/mowaarq.com\/es\/urbano\/#breadcrumb\",\"itemListElement\":[{\"@type\":\"ListItem\",\"position\":1,\"name\":\"In\u00edcio\",\"item\":\"https:\/\/mowaarq.com\/es\/\"},{\"@type\":\"ListItem\",\"position\":2,\"name\":\"Urbano\"}]},{\"@type\":\"WebSite\",\"@id\":\"https:\/\/mowaarq.com\/es\/#website\",\"url\":\"https:\/\/mowaarq.com\/es\/\",\"name\":\"Mowa Arquitectura\",\"description\":\"Fluidez Criativa Para Resultados S\u00f3lidos\",\"publisher\":{\"@id\":\"https:\/\/mowaarq.com\/es\/#organization\"},\"potentialAction\":[{\"@type\":\"SearchAction\",\"target\":{\"@type\":\"EntryPoint\",\"urlTemplate\":\"https:\/\/mowaarq.com\/es\/?s={search_term_string}\"},\"query-input\":{\"@type\":\"PropertyValueSpecification\",\"valueRequired\":true,\"valueName\":\"search_term_string\"}}],\"inLanguage\":\"es\"},{\"@type\":\"Organization\",\"@id\":\"https:\/\/mowaarq.com\/es\/#organization\",\"name\":\"Mowa Arquitectura\",\"url\":\"https:\/\/mowaarq.com\/es\/\",\"logo\":{\"@type\":\"ImageObject\",\"inLanguage\":\"es\",\"@id\":\"https:\/\/mowaarq.com\/es\/#\/schema\/logo\/image\/\",\"url\":\"https:\/\/mowaarq.com\/wp-content\/uploads\/2023\/11\/logo-mowa-SEO.png\",\"contentUrl\":\"https:\/\/mowaarq.com\/wp-content\/uploads\/2023\/11\/logo-mowa-SEO.png\",\"width\":400,\"height\":400,\"caption\":\"Mowa Arquitectura\"},\"image\":{\"@id\":\"https:\/\/mowaarq.com\/es\/#\/schema\/logo\/image\/\"},\"sameAs\":[\"https:\/\/pt-br.facebook.com\/MowaArq\/\",\"https:\/\/www.instagram.com\/mowaarq\/\",\"https:\/\/www.youtube.com\/channel\/UCAhakD0TpcNQ3wWs4ophaag\"]}]}<\/script>\n<!-- \/ Yoast SEO Premium plugin. -->","yoast_head_json":{"title":"Urbano - Mowa Arquitectura","robots":{"index":"index","follow":"follow","max-snippet":"max-snippet:-1","max-image-preview":"max-image-preview:large","max-video-preview":"max-video-preview:-1"},"canonical":"https:\/\/mowaarq.com\/es\/urbano\/","og_locale":"es_ES","og_type":"article","og_title":"Urbano","og_description":"Previous Next A la hora de planificar proyectos urbanos, ya sea para nuevos desarrollos o para la revitalizaci\u00f3n de \u00e1reas existentes, es fundamental integrar conocimientos t\u00e9cnicos, [\u2026]","og_url":"https:\/\/mowaarq.com\/es\/urbano\/","og_site_name":"Mowa Arquitectura","article_publisher":"https:\/\/pt-br.facebook.com\/MowaArq\/","article_modified_time":"2024-03-19T20:59:12+00:00","twitter_card":"summary_large_image","schema":{"@context":"https:\/\/schema.org","@graph":[{"@type":"WebPage","@id":"https:\/\/mowaarq.com\/es\/urbano\/","url":"https:\/\/mowaarq.com\/es\/urbano\/","name":"Urbano - Mowa Arquitectura","isPartOf":{"@id":"https:\/\/mowaarq.com\/es\/#website"},"datePublished":"2023-09-20T19:25:50+00:00","dateModified":"2024-03-19T20:59:12+00:00","breadcrumb":{"@id":"https:\/\/mowaarq.com\/es\/urbano\/#breadcrumb"},"inLanguage":"es","potentialAction":[{"@type":"ReadAction","target":["https:\/\/mowaarq.com\/es\/urbano\/"]}]},{"@type":"BreadcrumbList","@id":"https:\/\/mowaarq.com\/es\/urbano\/#breadcrumb","itemListElement":[{"@type":"ListItem","position":1,"name":"In\u00edcio","item":"https:\/\/mowaarq.com\/es\/"},{"@type":"ListItem","position":2,"name":"Urbano"}]},{"@type":"WebSite","@id":"https:\/\/mowaarq.com\/es\/#website","url":"https:\/\/mowaarq.com\/es\/","name":"Mowa Arquitectura","description":"Fluidez Criativa Para Resultados S\u00f3lidos","publisher":{"@id":"https:\/\/mowaarq.com\/es\/#organization"},"potentialAction":[{"@type":"SearchAction","target":{"@type":"EntryPoint","urlTemplate":"https:\/\/mowaarq.com\/es\/?s={search_term_string}"},"query-input":{"@type":"PropertyValueSpecification","valueRequired":true,"valueName":"search_term_string"}}],"inLanguage":"es"},{"@type":"Organization","@id":"https:\/\/mowaarq.com\/es\/#organization","name":"Mowa Arquitectura","url":"https:\/\/mowaarq.com\/es\/","logo":{"@type":"ImageObject","inLanguage":"es","@id":"https:\/\/mowaarq.com\/es\/#\/schema\/logo\/image\/","url":"https:\/\/mowaarq.com\/wp-content\/uploads\/2023\/11\/logo-mowa-SEO.png","contentUrl":"https:\/\/mowaarq.com\/wp-content\/uploads\/2023\/11\/logo-mowa-SEO.png","width":400,"height":400,"caption":"Mowa Arquitectura"},"image":{"@id":"https:\/\/mowaarq.com\/es\/#\/schema\/logo\/image\/"},"sameAs":["https:\/\/pt-br.facebook.com\/MowaArq\/","https:\/\/www.instagram.com\/mowaarq\/","https:\/\/www.youtube.com\/channel\/UCAhakD0TpcNQ3wWs4ophaag"]}]}},"_links":{"self":[{"href":"https:\/\/mowaarq.com\/es\/wp-json\/wp\/v2\/pages\/3896","targetHints":{"allow":["GET"]}}],"collection":[{"href":"https:\/\/mowaarq.com\/es\/wp-json\/wp\/v2\/pages"}],"about":[{"href":"https:\/\/mowaarq.com\/es\/wp-json\/wp\/v2\/types\/page"}],"author":[{"embeddable":true,"href":"https:\/\/mowaarq.com\/es\/wp-json\/wp\/v2\/users\/1"}],"replies":[{"embeddable":true,"href":"https:\/\/mowaarq.com\/es\/wp-json\/wp\/v2\/comments?post=3896"}],"version-history":[{"count":1,"href":"https:\/\/mowaarq.com\/es\/wp-json\/wp\/v2\/pages\/3896\/revisions"}],"predecessor-version":[{"id":3897,"href":"https:\/\/mowaarq.com\/es\/wp-json\/wp\/v2\/pages\/3896\/revisions\/3897"}],"up":[{"embeddable":true,"href":"https:\/\/mowaarq.com\/es\/wp-json\/wp\/v2\/pages\/3969"}],"wp:attachment":[{"href":"https:\/\/mowaarq.com\/es\/wp-json\/wp\/v2\/media?parent=3896"}],"curies":[{"name":"wp","href":"https:\/\/api.w.org\/{rel}","templated":true}]}}